{"id":1479,"date":"2024-02-28T12:03:18","date_gmt":"2024-02-28T11:03:18","guid":{"rendered":"https:\/\/bellevue-lugano.ch\/ueber-uns\/"},"modified":"2025-02-21T14:55:42","modified_gmt":"2025-02-21T13:55:42","slug":"ueber-uns","status":"publish","type":"page","link":"https:\/\/bellevue-lugano.ch\/de\/ueber-uns\/","title":{"rendered":"\u00dcber uns"},"content":{"rendered":"\t\t<div data-elementor-type=\"wp-page\" data-elementor-id=\"1479\" class=\"elementor elementor-1479 elementor-688\" data-elementor-post-type=\"page\">\n\t\t\t\t<header class=\"elementor-element elementor-element-78789b8 e-flex e-con-boxed e-con e-parent\" data-id=\"78789b8\" data-element_type=\"container\" data-e-type=\"container\" data-settings=\"{&quot;background_background&quot;:&quot;classic&quot;}\">\n\t\t\t\t\t<div class=\"e-con-inner\">\n\t\t\t\t<div class=\"elementor-element elementor-element-575931f elementor-widget elementor-widget-spacer\" data-id=\"575931f\" data-element_type=\"widget\" data-e-type=\"widget\" data-widget_type=\"spacer.default\">\n\t\t\t\t<div class=\"elementor-widget-container\">\n\t\t\t\t\t\t\t<div class=\"elementor-spacer\">\n\t\t\t<div class=\"elementor-spacer-inner\"><\/div>\n\t\t<\/div>\n\t\t\t\t\t\t<\/div>\n\t\t\t\t<\/div>\n\t\t\t\t\t<\/div>\n\t\t\t\t<\/header>\n\t\t<div class=\"elementor-element elementor-element-cc3d19e e-flex e-con-boxed e-con e-parent\" data-id=\"cc3d19e\" data-element_type=\"container\" data-e-type=\"container\">\n\t\t\t\t\t<div class=\"e-con-inner\">\n\t\t<div class=\"elementor-element elementor-element-2d43011 e-con-full e-flex e-con e-child\" data-id=\"2d43011\" data-element_type=\"container\" data-e-type=\"container\">\n\t\t\t\t<div class=\"elementor-element elementor-element-653be50 elementor-widget elementor-widget-heading\" data-id=\"653be50\" data-element_type=\"widget\" data-e-type=\"widget\" data-widget_type=\"heading.default\">\n\t\t\t\t<div class=\"elementor-widget-container\">\n\t\t\t\t\t<h1 class=\"elementor-heading-title elementor-size-default\">\u00dcber uns<\/h1>\t\t\t\t<\/div>\n\t\t\t\t<\/div>\n\t\t\t\t<div class=\"elementor-element elementor-element-63f2fc5 elementor-widget elementor-widget-text-editor\" data-id=\"63f2fc5\" data-element_type=\"widget\" data-e-type=\"widget\" data-widget_type=\"text-editor.default\">\n\t\t\t\t<div class=\"elementor-widget-container\">\n\t\t\t\t\t\t\t\t\t<p>Das <strong>Bellevue<\/strong> wurde Ende des 19. Jahrhunderts erbaut. Seite 1938 steht es inm Besitz der <strong>Familie Keller-Ceccarelli<\/strong>. <\/p>\n<p>Das Hotel, das auf eine reiche Geschichte zur\u00fcckblicken kann, die mit der des Tessins verflochten ist, \u00e4ndert <strong>heute sein Gesch\u00e4ftsmodell<\/strong> von einem traditionellen Hotel zu einem Apartmenthaus f\u00fcr mittel- und lagfristige Aufenthalte, wo die <strong>Aufmerksamkeit gegen\u00fcber der G\u00e4ste Liebe zum Detail erhalten geblieben sind.<\/strong><\/p>\n<p>Diese Umwandlung spiegelt die sich st\u00e4ndig \u00e4ndernden Bed\u00fcrfnisse der modernen Arbeitnehmer wider und bietet <strong>flexible und komfortable Wohnl\u00f6sungen<\/strong> f\u00fcr diejenigen, die in einer voll ausgestatteten Wohnung wohnen m\u00f6chten.<\/p>\n<p>W\u00e4hrend das Aparthotel diese neue Richtung einschl\u00e4gt, beh\u00e4lt es sein Engagement bei, die Authentizit\u00e4t und Herzlichkeit zu bewahren, die seine Geschichte gepr\u00e4gt haben, und garantiert seinen G\u00e4sten ein unvergessliches Erlebnis und einen herzlichen Empfang.<\/p>\n\t\t\t\t\t\t\t\t<\/div>\n\t\t\t\t<\/div>\n\t\t\t\t<div class=\"elementor-element elementor-element-1aa250a elementor-widget elementor-widget-gallery\" data-id=\"1aa250a\" data-element_type=\"widget\" data-e-type=\"widget\" data-settings=\"{&quot;gallery_layout&quot;:&quot;justified&quot;,&quot;ideal_row_height&quot;:{&quot;unit&quot;:&quot;px&quot;,&quot;size&quot;:500,&quot;sizes&quot;:[]},&quot;ideal_row_height_laptop&quot;:{&quot;unit&quot;:&quot;px&quot;,&quot;size&quot;:150,&quot;sizes&quot;:[]},&quot;ideal_row_height_tablet&quot;:{&quot;unit&quot;:&quot;px&quot;,&quot;size&quot;:150,&quot;sizes&quot;:[]},&quot;ideal_row_height_mobile&quot;:{&quot;unit&quot;:&quot;px&quot;,&quot;size&quot;:150,&quot;sizes&quot;:[]},&quot;gap&quot;:{&quot;unit&quot;:&quot;px&quot;,&quot;size&quot;:10,&quot;sizes&quot;:[]},&quot;gap_laptop&quot;:{&quot;unit&quot;:&quot;px&quot;,&quot;size&quot;:10,&quot;sizes&quot;:[]},&quot;gap_tablet&quot;:{&quot;unit&quot;:&quot;px&quot;,&quot;size&quot;:10,&quot;sizes&quot;:[]},&quot;gap_mobile&quot;:{&quot;unit&quot;:&quot;px&quot;,&quot;size&quot;:10,&quot;sizes&quot;:[]},&quot;link_to&quot;:&quot;file&quot;,&quot;overlay_background&quot;:&quot;yes&quot;,&quot;content_hover_animation&quot;:&quot;fade-in&quot;}\" data-widget_type=\"gallery.default\">\n\t\t\t\t<div class=\"elementor-widget-container\">\n\t\t\t\t\t\t\t<div class=\"elementor-gallery__container\">\n\t\t\t\t\t\t\t<a class=\"e-gallery-item elementor-gallery-item elementor-animated-content\" href=\"https:\/\/bellevue-lugano.ch\/wp-content\/uploads\/2024\/06\/Maria-e-Gino-Ceccarelli-1939.jpg\" data-elementor-open-lightbox=\"yes\" data-elementor-lightbox-slideshow=\"1aa250a\" data-elementor-lightbox-description=\"Maria e Gino Ceccarelli - 1939\" data-e-action-hash=\"#elementor-action%3Aaction%3Dlightbox%26settings%3DeyJpZCI6MTE0NCwidXJsIjoiaHR0cHM6XC9cL2JlbGxldnVlLWx1Z2Fuby5jaFwvd3AtY29udGVudFwvdXBsb2Fkc1wvMjAyNFwvMDZcL01hcmlhLWUtR2luby1DZWNjYXJlbGxpLTE5MzkuanBnIiwic2xpZGVzaG93IjoiMWFhMjUwYSJ9\">\n\t\t\t\t\t<div class=\"e-gallery-image elementor-gallery-item__image\" data-thumbnail=\"https:\/\/bellevue-lugano.ch\/wp-content\/uploads\/2024\/06\/Maria-e-Gino-Ceccarelli-1939-768x1095.jpg\" data-width=\"768\" data-height=\"1095\" aria-label=\"\" role=\"img\" ><\/div>\n\t\t\t\t\t\t\t\t\t\t\t<div class=\"elementor-gallery-item__overlay\"><\/div>\n\t\t\t\t\t\t\t\t\t\t\t\t\t\t<\/a>\n\t\t\t\t\t\t\t<a class=\"e-gallery-item elementor-gallery-item elementor-animated-content\" href=\"https:\/\/bellevue-lugano.ch\/wp-content\/uploads\/2024\/06\/Bellavista-Staff-1942.jpg\" data-elementor-open-lightbox=\"yes\" data-elementor-lightbox-slideshow=\"1aa250a\" data-elementor-lightbox-description=\"Lo staff del Bellavista - 1942\" data-e-action-hash=\"#elementor-action%3Aaction%3Dlightbox%26settings%3DeyJpZCI6MTEzOSwidXJsIjoiaHR0cHM6XC9cL2JlbGxldnVlLWx1Z2Fuby5jaFwvd3AtY29udGVudFwvdXBsb2Fkc1wvMjAyNFwvMDZcL0JlbGxhdmlzdGEtU3RhZmYtMTk0Mi5qcGciLCJzbGlkZXNob3ciOiIxYWEyNTBhIn0%3D\">\n\t\t\t\t\t<div class=\"e-gallery-image elementor-gallery-item__image\" data-thumbnail=\"https:\/\/bellevue-lugano.ch\/wp-content\/uploads\/2024\/06\/Bellavista-Staff-1942.jpg\" data-width=\"615\" data-height=\"757\" aria-label=\"\" role=\"img\" ><\/div>\n\t\t\t\t\t\t\t\t\t\t\t<div class=\"elementor-gallery-item__overlay\"><\/div>\n\t\t\t\t\t\t\t\t\t\t\t\t\t\t<\/a>\n\t\t\t\t\t\t\t<a class=\"e-gallery-item elementor-gallery-item elementor-animated-content\" href=\"https:\/\/bellevue-lugano.ch\/wp-content\/uploads\/2024\/06\/Bellevue-montagnola-1895.jpg\" data-elementor-open-lightbox=\"yes\" data-elementor-lightbox-slideshow=\"1aa250a\" data-elementor-lightbox-description=\"Bellavista - 1895 circa\" data-e-action-hash=\"#elementor-action%3Aaction%3Dlightbox%26settings%3DeyJpZCI6MTE0MCwidXJsIjoiaHR0cHM6XC9cL2JlbGxldnVlLWx1Z2Fuby5jaFwvd3AtY29udGVudFwvdXBsb2Fkc1wvMjAyNFwvMDZcL0JlbGxldnVlLW1vbnRhZ25vbGEtMTg5NS5qcGciLCJzbGlkZXNob3ciOiIxYWEyNTBhIn0%3D\">\n\t\t\t\t\t<div class=\"e-gallery-image elementor-gallery-item__image\" data-thumbnail=\"https:\/\/bellevue-lugano.ch\/wp-content\/uploads\/2024\/06\/Bellevue-montagnola-1895-768x493.jpg\" data-width=\"768\" data-height=\"493\" aria-label=\"\" role=\"img\" ><\/div>\n\t\t\t\t\t\t\t\t\t\t\t<div class=\"elementor-gallery-item__overlay\"><\/div>\n\t\t\t\t\t\t\t\t\t\t\t\t\t\t<\/a>\n\t\t\t\t\t\t\t<a class=\"e-gallery-item elementor-gallery-item elementor-animated-content\" href=\"https:\/\/bellevue-lugano.ch\/wp-content\/uploads\/2024\/06\/Terrazza-ristorante-Bellavista.jpg\" data-elementor-open-lightbox=\"yes\" data-elementor-lightbox-slideshow=\"1aa250a\" data-elementor-lightbox-description=\"La terrazza del ristorante Bellavista\" data-e-action-hash=\"#elementor-action%3Aaction%3Dlightbox%26settings%3DeyJpZCI6MTE0NiwidXJsIjoiaHR0cHM6XC9cL2JlbGxldnVlLWx1Z2Fuby5jaFwvd3AtY29udGVudFwvdXBsb2Fkc1wvMjAyNFwvMDZcL1RlcnJhenphLXJpc3RvcmFudGUtQmVsbGF2aXN0YS5qcGciLCJzbGlkZXNob3ciOiIxYWEyNTBhIn0%3D\">\n\t\t\t\t\t<div class=\"e-gallery-image elementor-gallery-item__image\" data-thumbnail=\"https:\/\/bellevue-lugano.ch\/wp-content\/uploads\/2024\/06\/Terrazza-ristorante-Bellavista-768x455.jpg\" data-width=\"768\" data-height=\"455\" aria-label=\"\" role=\"img\" ><\/div>\n\t\t\t\t\t\t\t\t\t\t\t<div class=\"elementor-gallery-item__overlay\"><\/div>\n\t\t\t\t\t\t\t\t\t\t\t\t\t\t<\/a>\n\t\t\t\t\t\t\t<a class=\"e-gallery-item elementor-gallery-item elementor-animated-content\" href=\"https:\/\/bellevue-lugano.ch\/wp-content\/uploads\/2024\/06\/Maria-Ceccarelli-1939.jpg\" data-elementor-open-lightbox=\"yes\" data-elementor-lightbox-slideshow=\"1aa250a\" data-elementor-lightbox-description=\"Maria Ceccarelli 1939\" data-e-action-hash=\"#elementor-action%3Aaction%3Dlightbox%26settings%3DeyJpZCI6MTE0MywidXJsIjoiaHR0cHM6XC9cL2JlbGxldnVlLWx1Z2Fuby5jaFwvd3AtY29udGVudFwvdXBsb2Fkc1wvMjAyNFwvMDZcL01hcmlhLUNlY2NhcmVsbGktMTkzOS5qcGciLCJzbGlkZXNob3ciOiIxYWEyNTBhIn0%3D\">\n\t\t\t\t\t<div class=\"e-gallery-image elementor-gallery-item__image\" data-thumbnail=\"https:\/\/bellevue-lugano.ch\/wp-content\/uploads\/2024\/06\/Maria-Ceccarelli-1939.jpg\" data-width=\"688\" data-height=\"1189\" aria-label=\"\" role=\"img\" ><\/div>\n\t\t\t\t\t\t\t\t\t\t\t<div class=\"elementor-gallery-item__overlay\"><\/div>\n\t\t\t\t\t\t\t\t\t\t\t\t\t\t<\/a>\n\t\t\t\t\t\t\t<a class=\"e-gallery-item elementor-gallery-item elementor-animated-content\" href=\"https:\/\/bellevue-lugano.ch\/wp-content\/uploads\/2024\/06\/Terrazza-Bellavista.jpg\" data-elementor-open-lightbox=\"yes\" data-elementor-lightbox-slideshow=\"1aa250a\" data-elementor-lightbox-description=\"La terrazza dell&#039;hotel Bellavista\" data-e-action-hash=\"#elementor-action%3Aaction%3Dlightbox%26settings%3DeyJpZCI6MTE0NSwidXJsIjoiaHR0cHM6XC9cL2JlbGxldnVlLWx1Z2Fuby5jaFwvd3AtY29udGVudFwvdXBsb2Fkc1wvMjAyNFwvMDZcL1RlcnJhenphLUJlbGxhdmlzdGEuanBnIiwic2xpZGVzaG93IjoiMWFhMjUwYSJ9\">\n\t\t\t\t\t<div class=\"e-gallery-image elementor-gallery-item__image\" data-thumbnail=\"https:\/\/bellevue-lugano.ch\/wp-content\/uploads\/2024\/06\/Terrazza-Bellavista-768x424.jpg\" data-width=\"768\" data-height=\"424\" aria-label=\"\" role=\"img\" ><\/div>\n\t\t\t\t\t\t\t\t\t\t\t<div class=\"elementor-gallery-item__overlay\"><\/div>\n\t\t\t\t\t\t\t\t\t\t\t\t\t\t<\/a>\n\t\t\t\t\t\t\t<a class=\"e-gallery-item elementor-gallery-item elementor-animated-content\" href=\"https:\/\/bellevue-lugano.ch\/wp-content\/uploads\/2024\/06\/Gino-Ceccarelli-1939.jpg\" data-elementor-open-lightbox=\"yes\" data-elementor-lightbox-slideshow=\"1aa250a\" data-elementor-lightbox-description=\"Gino Ceccarelli 1939\" data-e-action-hash=\"#elementor-action%3Aaction%3Dlightbox%26settings%3DeyJpZCI6MTE0MiwidXJsIjoiaHR0cHM6XC9cL2JlbGxldnVlLWx1Z2Fuby5jaFwvd3AtY29udGVudFwvdXBsb2Fkc1wvMjAyNFwvMDZcL0dpbm8tQ2VjY2FyZWxsaS0xOTM5LmpwZyIsInNsaWRlc2hvdyI6IjFhYTI1MGEifQ%3D%3D\">\n\t\t\t\t\t<div class=\"e-gallery-image elementor-gallery-item__image\" data-thumbnail=\"https:\/\/bellevue-lugano.ch\/wp-content\/uploads\/2024\/06\/Gino-Ceccarelli-1939.jpg\" data-width=\"604\" data-height=\"974\" aria-label=\"\" role=\"img\" ><\/div>\n\t\t\t\t\t\t\t\t\t\t\t<div class=\"elementor-gallery-item__overlay\"><\/div>\n\t\t\t\t\t\t\t\t\t\t\t\t\t\t<\/a>\n\t\t\t\t\t\t\t<a class=\"e-gallery-item elementor-gallery-item elementor-animated-content\" href=\"https:\/\/bellevue-lugano.ch\/wp-content\/uploads\/2024\/06\/Bellevue-salone-1939.jpg\" data-elementor-open-lightbox=\"yes\" data-elementor-lightbox-slideshow=\"1aa250a\" data-elementor-lightbox-description=\"Il salone dell&#039;hotel Bellavista  - 1939\" data-e-action-hash=\"#elementor-action%3Aaction%3Dlightbox%26settings%3DeyJpZCI6MTE0MSwidXJsIjoiaHR0cHM6XC9cL2JlbGxldnVlLWx1Z2Fuby5jaFwvd3AtY29udGVudFwvdXBsb2Fkc1wvMjAyNFwvMDZcL0JlbGxldnVlLXNhbG9uZS0xOTM5LmpwZyIsInNsaWRlc2hvdyI6IjFhYTI1MGEifQ%3D%3D\">\n\t\t\t\t\t<div class=\"e-gallery-image elementor-gallery-item__image\" data-thumbnail=\"https:\/\/bellevue-lugano.ch\/wp-content\/uploads\/2024\/06\/Bellevue-salone-1939-768x536.jpg\" data-width=\"768\" data-height=\"536\" aria-label=\"\" role=\"img\" ><\/div>\n\t\t\t\t\t\t\t\t\t\t\t<div class=\"elementor-gallery-item__overlay\"><\/div>\n\t\t\t\t\t\t\t\t\t\t\t\t\t\t<\/a>\n\t\t\t\t\t<\/div>\n\t\t\t\t\t<\/div>\n\t\t\t\t<\/div>\n\t\t\t\t<\/div>\n\t\t<div class=\"elementor-element elementor-element-3f62790 e-con-full e-flex e-con e-child\" data-id=\"3f62790\" data-element_type=\"container\" data-e-type=\"container\">\n\t\t\t\t<div class=\"elementor-element elementor-element-6f29535 elementor-widget elementor-widget-button\" data-id=\"6f29535\" data-element_type=\"widget\" data-e-type=\"widget\" data-widget_type=\"button.default\">\n\t\t\t\t<div class=\"elementor-widget-container\">\n\t\t\t\t\t\t\t\t\t<div class=\"elementor-button-wrapper\">\n\t\t\t\t\t<a class=\"elementor-button elementor-button-link elementor-size-sm\" href=\"https:\/\/bellevue-lugano.ch\/de\/\">\n\t\t\t\t\t\t<span class=\"elementor-button-content-wrapper\">\n\t\t\t\t\t\t\t\t\t<span class=\"elementor-button-text\">Zur\u00fcck zur Startseite<\/span>\n\t\t\t\t\t<\/span>\n\t\t\t\t\t<\/a>\n\t\t\t\t<\/div>\n\t\t\t\t\t\t\t\t<\/div>\n\t\t\t\t<\/div>\n\t\t\t\t<\/div>\n\t\t\t\t<div class=\"elementor-element elementor-element-11a5afd elementor-widget elementor-widget-spacer\" data-id=\"11a5afd\" data-element_type=\"widget\" data-e-type=\"widget\" data-widget_type=\"spacer.default\">\n\t\t\t\t<div class=\"elementor-widget-container\">\n\t\t\t\t\t\t\t<div class=\"elementor-spacer\">\n\t\t\t<div class=\"elementor-spacer-inner\"><\/div>\n\t\t<\/div>\n\t\t\t\t\t\t<\/div>\n\t\t\t\t<\/div>\n\t\t\t\t\t<\/div>\n\t\t\t\t<\/div>\n\t\t\t\t<\/div>\n\t\t","protected":false},"excerpt":{"rendered":"<p>\u00dcber uns Das Bellevue wurde Ende des 19. Jahrhunderts erbaut. Seite 1938 steht es inm Besitz der Familie Keller-Ceccarelli. Das Hotel, das auf eine reiche Geschichte zur\u00fcckblicken kann, die mit der des Tessins verflochten ist, \u00e4ndert heute sein Gesch\u00e4ftsmodell von einem traditionellen Hotel zu einem Apartmenthaus f\u00fcr mittel- und lagfristige Aufenthalte, wo die Aufmerksamkeit gegen\u00fcber [&hellip;]<\/p>\n","protected":false},"author":1,"featured_media":0,"parent":0,"menu_order":5,"comment_status":"closed","ping_status":"closed","template":"","meta":{"footnotes":""},"class_list":["post-1479","page","type-page","status-publish","hentry"],"_links":{"self":[{"href":"https:\/\/bellevue-lugano.ch\/de\/wp-json\/wp\/v2\/pages\/1479","targetHints":{"allow":["GET"]}}],"collection":[{"href":"https:\/\/bellevue-lugano.ch\/de\/wp-json\/wp\/v2\/pages"}],"about":[{"href":"https:\/\/bellevue-lugano.ch\/de\/wp-json\/wp\/v2\/types\/page"}],"author":[{"embeddable":true,"href":"https:\/\/bellevue-lugano.ch\/de\/wp-json\/wp\/v2\/users\/1"}],"replies":[{"embeddable":true,"href":"https:\/\/bellevue-lugano.ch\/de\/wp-json\/wp\/v2\/comments?post=1479"}],"version-history":[{"count":0,"href":"https:\/\/bellevue-lugano.ch\/de\/wp-json\/wp\/v2\/pages\/1479\/revisions"}],"wp:attachment":[{"href":"https:\/\/bellevue-lugano.ch\/de\/wp-json\/wp\/v2\/media?parent=1479"}],"curies":[{"name":"wp","href":"https:\/\/api.w.org\/{rel}","templated":true}]}}